{"id":5514,"date":"2017-09-28T13:18:37","date_gmt":"2017-09-28T13:18:37","guid":{"rendered":"https:\/\/demo.goodlayers.com\/financity\/?page_id=5514"},"modified":"2026-04-15T08:37:12","modified_gmt":"2026-04-15T08:37:12","slug":"uvodni-strana","status":"publish","type":"page","link":"https:\/\/versute.cz\/cs_cz\/","title":{"rendered":"Homepage"},"content":{"rendered":"","protected":false},"excerpt":{"rendered":"","protected":false},"author":1,"featured_media":6769,"parent":0,"menu_order":0,"comment_status":"closed","ping_status":"closed","template":"","meta":{"footnotes":""},"class_list":["post-5514","page","type-page","status-publish","has-post-thumbnail","hentry"],"yoast_head":"<!-- This site is optimized with the Yoast SEO plugin v26.2 - https:\/\/yoast.com\/wordpress\/plugins\/seo\/ -->\n<title>Versute Investments - Investi\u010dn\u00ed a poradensk\u00e1 spole\u010dnost<\/title>\n<meta name=\"description\" content=\"Versute Investments je investi\u010dn\u00ed a poradensk\u00e1 spole\u010dnost p\u016fsob\u00edc\u00ed jako mana\u017eer Private Equity fond\u016f zejm\u00e9na v segmentu mal\u00fdch a st\u0159edn\u00edch podnik\u016f.\" \/>\n<meta name=\"robots\" content=\"index, follow, max-snippet:-1, max-image-preview:large, max-video-preview:-1\" \/>\n<link rel=\"canonical\" href=\"https:\/\/versute.cz\/cs_cz\/\" \/>\n<meta property=\"og:locale\" content=\"cs_CZ\" \/>\n<meta property=\"og:type\" content=\"article\" \/>\n<meta property=\"og:title\" content=\"Versute Investments\" \/>\n<meta property=\"og:description\" content=\"Investi\u010dn\u00ed a poradensk\u00e1 spole\u010dnost\" \/>\n<meta property=\"og:url\" content=\"https:\/\/versute.cz\/cs_cz\/\" \/>\n<meta property=\"og:site_name\" content=\"Versute Investments\" \/>\n<meta property=\"article:modified_time\" content=\"2026-04-15T08:37:12+00:00\" \/>\n<meta property=\"og:image\" content=\"https:\/\/versute.cz\/wp-content\/uploads\/2024\/08\/hlavni-logo134-removebg-preview.png\" \/>\n\t<meta property=\"og:image:width\" content=\"408\" \/>\n\t<meta property=\"og:image:height\" content=\"89\" \/>\n\t<meta property=\"og:image:type\" content=\"image\/png\" \/>\n<meta name=\"twitter:card\" content=\"summary_large_image\" \/>\n<meta name=\"twitter:label1\" content=\"Odhadovan\u00e1 doba \u010dten\u00ed\" \/>\n\t<meta name=\"twitter:data1\" content=\"5 minut\" \/>\n<script type=\"application\/ld+json\" class=\"yoast-schema-graph\">{\"@context\":\"https:\/\/schema.org\",\"@graph\":[{\"@type\":\"WebPage\",\"@id\":\"https:\/\/versute.cz\/cs_cz\/\",\"url\":\"https:\/\/versute.cz\/cs_cz\/\",\"name\":\"Versute Investments - Investi\u010dn\u00ed a poradensk\u00e1 spole\u010dnost\",\"isPartOf\":{\"@id\":\"https:\/\/versute.cz\/cs_cz\/#website\"},\"primaryImageOfPage\":{\"@id\":\"https:\/\/versute.cz\/cs_cz\/#primaryimage\"},\"image\":{\"@id\":\"https:\/\/versute.cz\/cs_cz\/#primaryimage\"},\"thumbnailUrl\":\"https:\/\/versute.cz\/wp-content\/uploads\/2024\/08\/hlavni-logo134-removebg-preview.png\",\"datePublished\":\"2017-09-28T13:18:37+00:00\",\"dateModified\":\"2026-04-15T08:37:12+00:00\",\"description\":\"Versute Investments je investi\u010dn\u00ed a poradensk\u00e1 spole\u010dnost p\u016fsob\u00edc\u00ed jako mana\u017eer Private Equity fond\u016f zejm\u00e9na v segmentu mal\u00fdch a st\u0159edn\u00edch podnik\u016f.\",\"breadcrumb\":{\"@id\":\"https:\/\/versute.cz\/cs_cz\/#breadcrumb\"},\"inLanguage\":\"cs\",\"potentialAction\":[{\"@type\":\"ReadAction\",\"target\":[\"https:\/\/versute.cz\/cs_cz\/\"]}]},{\"@type\":\"ImageObject\",\"inLanguage\":\"cs\",\"@id\":\"https:\/\/versute.cz\/cs_cz\/#primaryimage\",\"url\":\"https:\/\/versute.cz\/wp-content\/uploads\/2024\/08\/hlavni-logo134-removebg-preview.png\",\"contentUrl\":\"https:\/\/versute.cz\/wp-content\/uploads\/2024\/08\/hlavni-logo134-removebg-preview.png\",\"width\":408,\"height\":89},{\"@type\":\"BreadcrumbList\",\"@id\":\"https:\/\/versute.cz\/cs_cz\/#breadcrumb\",\"itemListElement\":[{\"@type\":\"ListItem\",\"position\":1,\"name\":\"Dom\u016f\",\"item\":\"https:\/\/versute.cz\/cs_cz\/\"},{\"@type\":\"ListItem\",\"position\":2,\"name\":\"Homepage\"}]},{\"@type\":\"WebSite\",\"@id\":\"https:\/\/versute.cz\/cs_cz\/#website\",\"url\":\"https:\/\/versute.cz\/cs_cz\/\",\"name\":\"Versute Investments\",\"description\":\"Investi\u010dn&iacute; a poradensk&aacute; spole\u010dnost\",\"publisher\":{\"@id\":\"https:\/\/versute.cz\/cs_cz\/#organization\"},\"potentialAction\":[{\"@type\":\"SearchAction\",\"target\":{\"@type\":\"EntryPoint\",\"urlTemplate\":\"https:\/\/versute.cz\/cs_cz\/?s={search_term_string}\"},\"query-input\":{\"@type\":\"PropertyValueSpecification\",\"valueRequired\":true,\"valueName\":\"search_term_string\"}}],\"inLanguage\":\"cs\"},{\"@type\":\"Organization\",\"@id\":\"https:\/\/versute.cz\/cs_cz\/#organization\",\"name\":\"Versute Investments\",\"url\":\"https:\/\/versute.cz\/cs_cz\/\",\"logo\":{\"@type\":\"ImageObject\",\"inLanguage\":\"cs\",\"@id\":\"https:\/\/versute.cz\/cs_cz\/#\/schema\/logo\/image\/\",\"url\":\"https:\/\/versute.cz\/wp-content\/uploads\/2024\/08\/hlavni-logo134-removebg-preview.png\",\"contentUrl\":\"https:\/\/versute.cz\/wp-content\/uploads\/2024\/08\/hlavni-logo134-removebg-preview.png\",\"width\":408,\"height\":89,\"caption\":\"Versute Investments\"},\"image\":{\"@id\":\"https:\/\/versute.cz\/cs_cz\/#\/schema\/logo\/image\/\"},\"sameAs\":[\"https:\/\/cz.linkedin.com\/company\/versute-investments\"]}]}<\/script>\n<!-- \/ Yoast SEO plugin. -->","yoast_head_json":{"title":"Versute Investments - Investi\u010dn\u00ed a poradensk\u00e1 spole\u010dnost","description":"Versute Investments je investi\u010dn\u00ed a poradensk\u00e1 spole\u010dnost p\u016fsob\u00edc\u00ed jako mana\u017eer Private Equity fond\u016f zejm\u00e9na v segmentu mal\u00fdch a st\u0159edn\u00edch podnik\u016f.","robots":{"index":"index","follow":"follow","max-snippet":"max-snippet:-1","max-image-preview":"max-image-preview:large","max-video-preview":"max-video-preview:-1"},"canonical":"https:\/\/versute.cz\/cs_cz\/","og_locale":"cs_CZ","og_type":"article","og_title":"Versute Investments","og_description":"Investi\u010dn\u00ed a poradensk\u00e1 spole\u010dnost","og_url":"https:\/\/versute.cz\/cs_cz\/","og_site_name":"Versute Investments","article_modified_time":"2026-04-15T08:37:12+00:00","og_image":[{"width":408,"height":89,"url":"https:\/\/versute.cz\/wp-content\/uploads\/2024\/08\/hlavni-logo134-removebg-preview.png","type":"image\/png"}],"twitter_card":"summary_large_image","twitter_misc":{"Odhadovan\u00e1 doba \u010dten\u00ed":"5 minut"},"schema":{"@context":"https:\/\/schema.org","@graph":[{"@type":"WebPage","@id":"https:\/\/versute.cz\/cs_cz\/","url":"https:\/\/versute.cz\/cs_cz\/","name":"Versute Investments - Investi\u010dn\u00ed a poradensk\u00e1 spole\u010dnost","isPartOf":{"@id":"https:\/\/versute.cz\/cs_cz\/#website"},"primaryImageOfPage":{"@id":"https:\/\/versute.cz\/cs_cz\/#primaryimage"},"image":{"@id":"https:\/\/versute.cz\/cs_cz\/#primaryimage"},"thumbnailUrl":"https:\/\/versute.cz\/wp-content\/uploads\/2024\/08\/hlavni-logo134-removebg-preview.png","datePublished":"2017-09-28T13:18:37+00:00","dateModified":"2026-04-15T08:37:12+00:00","description":"Versute Investments je investi\u010dn\u00ed a poradensk\u00e1 spole\u010dnost p\u016fsob\u00edc\u00ed jako mana\u017eer Private Equity fond\u016f zejm\u00e9na v segmentu mal\u00fdch a st\u0159edn\u00edch podnik\u016f.","breadcrumb":{"@id":"https:\/\/versute.cz\/cs_cz\/#breadcrumb"},"inLanguage":"cs","potentialAction":[{"@type":"ReadAction","target":["https:\/\/versute.cz\/cs_cz\/"]}]},{"@type":"ImageObject","inLanguage":"cs","@id":"https:\/\/versute.cz\/cs_cz\/#primaryimage","url":"https:\/\/versute.cz\/wp-content\/uploads\/2024\/08\/hlavni-logo134-removebg-preview.png","contentUrl":"https:\/\/versute.cz\/wp-content\/uploads\/2024\/08\/hlavni-logo134-removebg-preview.png","width":408,"height":89},{"@type":"BreadcrumbList","@id":"https:\/\/versute.cz\/cs_cz\/#breadcrumb","itemListElement":[{"@type":"ListItem","position":1,"name":"Dom\u016f","item":"https:\/\/versute.cz\/cs_cz\/"},{"@type":"ListItem","position":2,"name":"Homepage"}]},{"@type":"WebSite","@id":"https:\/\/versute.cz\/cs_cz\/#website","url":"https:\/\/versute.cz\/cs_cz\/","name":"Versute Investments","description":"Investi\u010dn&iacute; a poradensk&aacute; spole\u010dnost","publisher":{"@id":"https:\/\/versute.cz\/cs_cz\/#organization"},"potentialAction":[{"@type":"SearchAction","target":{"@type":"EntryPoint","urlTemplate":"https:\/\/versute.cz\/cs_cz\/?s={search_term_string}"},"query-input":{"@type":"PropertyValueSpecification","valueRequired":true,"valueName":"search_term_string"}}],"inLanguage":"cs"},{"@type":"Organization","@id":"https:\/\/versute.cz\/cs_cz\/#organization","name":"Versute Investments","url":"https:\/\/versute.cz\/cs_cz\/","logo":{"@type":"ImageObject","inLanguage":"cs","@id":"https:\/\/versute.cz\/cs_cz\/#\/schema\/logo\/image\/","url":"https:\/\/versute.cz\/wp-content\/uploads\/2024\/08\/hlavni-logo134-removebg-preview.png","contentUrl":"https:\/\/versute.cz\/wp-content\/uploads\/2024\/08\/hlavni-logo134-removebg-preview.png","width":408,"height":89,"caption":"Versute Investments"},"image":{"@id":"https:\/\/versute.cz\/cs_cz\/#\/schema\/logo\/image\/"},"sameAs":["https:\/\/cz.linkedin.com\/company\/versute-investments"]}]}},"_links":{"self":[{"href":"https:\/\/versute.cz\/cs_cz\/wp-json\/wp\/v2\/pages\/5514","targetHints":{"allow":["GET"]}}],"collection":[{"href":"https:\/\/versute.cz\/cs_cz\/wp-json\/wp\/v2\/pages"}],"about":[{"href":"https:\/\/versute.cz\/cs_cz\/wp-json\/wp\/v2\/types\/page"}],"author":[{"embeddable":true,"href":"https:\/\/versute.cz\/cs_cz\/wp-json\/wp\/v2\/users\/1"}],"replies":[{"embeddable":true,"href":"https:\/\/versute.cz\/cs_cz\/wp-json\/wp\/v2\/comments?post=5514"}],"version-history":[{"count":5,"href":"https:\/\/versute.cz\/cs_cz\/wp-json\/wp\/v2\/pages\/5514\/revisions"}],"predecessor-version":[{"id":7101,"href":"https:\/\/versute.cz\/cs_cz\/wp-json\/wp\/v2\/pages\/5514\/revisions\/7101"}],"wp:featuredmedia":[{"embeddable":true,"href":"https:\/\/versute.cz\/cs_cz\/wp-json\/wp\/v2\/media\/6769"}],"wp:attachment":[{"href":"https:\/\/versute.cz\/cs_cz\/wp-json\/wp\/v2\/media?parent=5514"}],"curies":[{"name":"wp","href":"https:\/\/api.w.org\/{rel}","templated":true}]}}